{"id":324,"date":"2022-10-18T16:24:49","date_gmt":"2022-10-18T16:24:49","guid":{"rendered":"https:\/\/tartine.mooo.com\/?page_id=324"},"modified":"2022-10-18T16:24:49","modified_gmt":"2022-10-18T16:24:49","slug":"installer-une-application-sous-android-sans-compte-google","status":"publish","type":"page","link":"https:\/\/blog.nibelheim.fr\/?page_id=324","title":{"rendered":"Installer une application sous Android sans compte Google"},"content":{"rendered":"\n<p>Les applications t\u00e9l\u00e9chargeables sur le Google Store sont en v\u00e9rit\u00e9 des fichiers \u00e0 un format sp\u00e9cifique, appel\u00e9 APK, qui sont t\u00e9l\u00e9charg\u00e9s depuis une source v\u00e9rifi\u00e9e (le Store, donc) et install\u00e9es via l&#8217;installateur agr\u00e9\u00e9 sur le t\u00e9l\u00e9phone.<\/p>\n\n\n\n<p>Cependant, Google n&#8217;\u00e9tant pas Apple, ils laissent le choix \u00e0 l&#8217;utilisateur d&#8217;autoriser l&#8217;installation de fichiers issus de sources inconnues, \u00e0 leurs risques et p\u00e9rils.<br>Pour cela, et comme bien souvent en informatique, c&#8217;est trouver o\u00f9 aller cliquer qui constitue le noeud du probl\u00e8me&#8230; Bon, \u00e7a, et vivre avec le fait qu&#8217;on a une possibilit\u00e9 non nulle d&#8217;installer une saloperie, mais en v\u00e9rit\u00e9, en faisant attention o\u00f9 on t\u00e9l\u00e9charge l&#8217;APK, il n&#8217;y a que (tr\u00e8s) peu de risques induits par la manoeuvre.<\/p>\n\n\n\n<h2 class=\"wp-block-heading\"><strong><em>1- Autoriser l&#8217;installation de sources inconnues<\/em><\/strong><\/h2>\n\n\n\n<p>Dans un premier temps, il convient de se rendre dans les Param\u00e8tres du t\u00e9l\u00e9phone (la roue crant\u00e9e), o\u00f9 se trouvent habituellement les menus genre volume de son, Wi-Fi et autres.<\/p>\n\n\n\n<p>Deux cas de figure : soit tu as la loupe en haut qui te permet de chercher un param\u00e8tre en particulier, auquel cas tu cherches &#8220;inconnu&#8221;, soit tu n&#8217;as pas la loupe et c&#8217;est p\u00e9nible.<\/p>\n\n\n\n<figure class=\"wp-block-image size-large is-resized\"><img loading=\"lazy\" decoding=\"async\" src=\"https:\/\/tartine.mooo.com\/wp-content\/uploads\/2022\/10\/Screenshot_20221017-211959_Settings-498x1024.jpg\" alt=\"\" class=\"wp-image-325\" width=\"364\" height=\"749\" srcset=\"https:\/\/blog.nibelheim.fr\/wp-content\/uploads\/2022\/10\/Screenshot_20221017-211959_Settings-498x1024.jpg 498w, https:\/\/blog.nibelheim.fr\/wp-content\/uploads\/2022\/10\/Screenshot_20221017-211959_Settings-146x300.jpg 146w, https:\/\/blog.nibelheim.fr\/wp-content\/uploads\/2022\/10\/Screenshot_20221017-211959_Settings.jpg 720w\" sizes=\"auto, (max-width: 364px) 100vw, 364px\" \/><figcaption><em>Param\u00e8traes, puis Donn\u00e9es biom\u00e9triques et s\u00e9curit\u00e9<\/em><\/figcaption><\/figure>\n\n\n\n<figure class=\"wp-block-image size-large is-resized\"><img loading=\"lazy\" decoding=\"async\" src=\"https:\/\/tartine.mooo.com\/wp-content\/uploads\/2022\/10\/Screenshot_20221017-212038_Settings-498x1024.jpg\" alt=\"\" class=\"wp-image-327\" width=\"363\" height=\"747\" srcset=\"https:\/\/blog.nibelheim.fr\/wp-content\/uploads\/2022\/10\/Screenshot_20221017-212038_Settings-498x1024.jpg 498w, https:\/\/blog.nibelheim.fr\/wp-content\/uploads\/2022\/10\/Screenshot_20221017-212038_Settings-146x300.jpg 146w, https:\/\/blog.nibelheim.fr\/wp-content\/uploads\/2022\/10\/Screenshot_20221017-212038_Settings.jpg 720w\" sizes=\"auto, (max-width: 363px) 100vw, 363px\" \/><figcaption><em>Puis Installation applis inconnues<\/em><\/figcaption><\/figure>\n\n\n\n<figure class=\"wp-block-image size-large is-resized\"><img loading=\"lazy\" decoding=\"async\" src=\"https:\/\/tartine.mooo.com\/wp-content\/uploads\/2022\/10\/Screenshot_20221017-212101_Settings-498x1024.jpg\" alt=\"\" class=\"wp-image-328\" width=\"364\" height=\"748\" srcset=\"https:\/\/blog.nibelheim.fr\/wp-content\/uploads\/2022\/10\/Screenshot_20221017-212101_Settings-498x1024.jpg 498w, https:\/\/blog.nibelheim.fr\/wp-content\/uploads\/2022\/10\/Screenshot_20221017-212101_Settings-146x300.jpg 146w, https:\/\/blog.nibelheim.fr\/wp-content\/uploads\/2022\/10\/Screenshot_20221017-212101_Settings.jpg 720w\" sizes=\"auto, (max-width: 364px) 100vw, 364px\" \/><figcaption><em>S\u00e9lectionne &#8220;Mes fichiers&#8221;<\/em><\/figcaption><\/figure>\n\n\n\n<figure class=\"wp-block-image size-large is-resized\"><img loading=\"lazy\" decoding=\"async\" src=\"https:\/\/tartine.mooo.com\/wp-content\/uploads\/2022\/10\/Screenshot_20221017-212105_Settings-498x1024.jpg\" alt=\"\" class=\"wp-image-329\" width=\"358\" height=\"736\" srcset=\"https:\/\/blog.nibelheim.fr\/wp-content\/uploads\/2022\/10\/Screenshot_20221017-212105_Settings-498x1024.jpg 498w, https:\/\/blog.nibelheim.fr\/wp-content\/uploads\/2022\/10\/Screenshot_20221017-212105_Settings-146x300.jpg 146w, https:\/\/blog.nibelheim.fr\/wp-content\/uploads\/2022\/10\/Screenshot_20221017-212105_Settings.jpg 720w\" sizes=\"auto, (max-width: 358px) 100vw, 358px\" \/><figcaption><em>Et enfin active &#8220;Autorisation depuis cette source&#8221;.<\/em><\/figcaption><\/figure>\n\n\n\n<p>Si jamais tes options ne ressemblent absolument pas \u00e0 \u00e7a, pas de panique!<br>Tu peux tenter <strong>Param\u00e8tres <\/strong>> <strong>G\u00e9n\u00e9ral <\/strong>> <strong>S\u00e9curit\u00e9 <\/strong>et coche <strong>Sources inconnues<\/strong>.<\/p>\n\n\n\n<figure class=\"wp-block-image size-full\"><img loading=\"lazy\" decoding=\"async\" width=\"420\" height=\"275\" src=\"https:\/\/tartine.mooo.com\/wp-content\/uploads\/2022\/10\/image.png\" alt=\"\" class=\"wp-image-330\" srcset=\"https:\/\/blog.nibelheim.fr\/wp-content\/uploads\/2022\/10\/image.png 420w, https:\/\/blog.nibelheim.fr\/wp-content\/uploads\/2022\/10\/image-300x196.png 300w\" sizes=\"auto, (max-width: 420px) 100vw, 420px\" \/><\/figure>\n\n\n\n<p>Normalement, il n&#8217;y a que deux chemins pour autoriser les sources inconnues&#8230; Mais il peut y avoir des miracles d&#8217;ing\u00e9niosit\u00e9! Fais-moi signe quand c&#8217;est bon&#8230; Ou pas bon.<\/p>\n\n\n\n<h2 class=\"wp-block-heading\">2- T\u00e9l\u00e9charger l&#8217;application<\/h2>\n\n\n\n<p>WhatsApp \u00e9tant gentil, tu peux directement t\u00e9l\u00e9charger l&#8217;APK depuis chez eux.<br>Comme on n&#8217;a pas autoris\u00e9 l&#8217;installation depuis le navigateur (ce qui pourrait \u00eatre dangereux), j&#8217;ai copi\u00e9 l&#8217;APK chez moi : <a href=\"https:\/\/tartine.mooo.com\/heap\/WhatsApp.apk\" data-type=\"URL\" data-id=\"https:\/\/tartine.mooo.com\/heap\/WhatsApp.apk\">>clique ici&lt;<\/a><\/p>\n\n\n\n<p>Sinon, tu peux tenter via le lien officiel mais je ne sais pas comment \u00e7a se goupille depuis chez eux : <a href=\"https:\/\/www.whatsapp.com\/android\/\" target=\"_blank\" rel=\"noreferrer noopener\">https:\/\/www.whatsapp.com\/android\/<\/a><\/p>\n\n\n\n<p>Normalement, Whatsapp.apk a \u00e9t\u00e9 t\u00e9l\u00e9charg\u00e9 dans&#8230; Le r\u00e9pertoire T\u00e9l\u00e9chargements. LA. SURPRISE. DE OUF.<\/p>\n\n\n\n<h2 class=\"wp-block-heading\">3- Ouvrir Mes Fichiers<\/h2>\n\n\n\n<p>Normalement, tu as un dossier <strong>T\u00e9l\u00e9chargements <\/strong>dans l&#8217;application fournie par d\u00e9faut sur tous les t\u00e9l\u00e9phones <strong>Mes Fichiers<\/strong> :<\/p>\n\n\n\n<figure class=\"wp-block-image size-full\"><img loading=\"lazy\" decoding=\"async\" width=\"225\" height=\"225\" src=\"https:\/\/tartine.mooo.com\/wp-content\/uploads\/2022\/10\/image-1.png\" alt=\"\" class=\"wp-image-331\" srcset=\"https:\/\/blog.nibelheim.fr\/wp-content\/uploads\/2022\/10\/image-1.png 225w, https:\/\/blog.nibelheim.fr\/wp-content\/uploads\/2022\/10\/image-1-150x150.png 150w\" sizes=\"auto, (max-width: 225px) 100vw, 225px\" \/><figcaption><em>Ic\u00f4ne approximative de Mes Fichiers. C&#8217;est jaune, c&#8217;est blanc, c&#8217;est un oeuf.<\/em><\/figcaption><\/figure>\n\n\n\n<p>Et dedans, tu devrais trouver le fameux Whatsapp.apk! Il te suffit de cliquer dessus. Normalement, il devrait \u00eatre content et s&#8217;installer sans aucun souci!<\/p>\n","protected":false},"excerpt":{"rendered":"<p>Les applications t\u00e9l\u00e9chargeables sur le Google Store sont en v\u00e9rit\u00e9 des fichiers \u00e0 un format sp\u00e9cifique, appel\u00e9 APK, qui sont t\u00e9l\u00e9charg\u00e9s depuis une source v\u00e9rifi\u00e9e (le Store, donc) et install\u00e9es via l&#8217;installateur agr\u00e9\u00e9 sur le t\u00e9l\u00e9phone. Cependant, Google n&#8217;\u00e9tant pas Apple, ils laissent le choix \u00e0 l&#8217;utilisateur d&#8217;autoriser l&#8217;installation de [&hellip;]<\/p>\n","protected":false},"author":1,"featured_media":0,"parent":0,"menu_order":0,"comment_status":"closed","ping_status":"closed","template":"","meta":{"footnotes":""},"class_list":["post-324","page","type-page","status-publish","hentry"],"_links":{"self":[{"href":"https:\/\/blog.nibelheim.fr\/index.php?rest_route=\/wp\/v2\/pages\/324","targetHints":{"allow":["GET"]}}],"collection":[{"href":"https:\/\/blog.nibelheim.fr\/index.php?rest_route=\/wp\/v2\/pages"}],"about":[{"href":"https:\/\/blog.nibelheim.fr\/index.php?rest_route=\/wp\/v2\/types\/page"}],"author":[{"embeddable":true,"href":"https:\/\/blog.nibelheim.fr\/index.php?rest_route=\/wp\/v2\/users\/1"}],"replies":[{"embeddable":true,"href":"https:\/\/blog.nibelheim.fr\/index.php?rest_route=%2Fwp%2Fv2%2Fcomments&post=324"}],"version-history":[{"count":2,"href":"https:\/\/blog.nibelheim.fr\/index.php?rest_route=\/wp\/v2\/pages\/324\/revisions"}],"predecessor-version":[{"id":332,"href":"https:\/\/blog.nibelheim.fr\/index.php?rest_route=\/wp\/v2\/pages\/324\/revisions\/332"}],"wp:attachment":[{"href":"https:\/\/blog.nibelheim.fr\/index.php?rest_route=%2Fwp%2Fv2%2Fmedia&parent=324"}],"curies":[{"name":"wp","href":"https:\/\/api.w.org\/{rel}","templated":true}]}}