{"id":295,"date":"2022-08-28T14:05:04","date_gmt":"2022-08-28T14:05:04","guid":{"rendered":"https:\/\/tartine.linkpc.net\/?page_id=295"},"modified":"2022-08-28T14:05:04","modified_gmt":"2022-08-28T14:05:04","slug":"bon-matos-pour-rouler-pepouze-le-blouson","status":"publish","type":"page","link":"https:\/\/blog.nibelheim.fr\/?page_id=295","title":{"rendered":"Bon matos pour rouler p\u00e9pouze : le blouson"},"content":{"rendered":"\n<h2 class=\"wp-block-heading\">Veste ou blouson?<\/h2>\n\n\n\n<p>Il existe deux &#8220;tops&#8221; en deux roues :<\/p>\n\n\n\n<ul class=\"wp-block-list\"><li><strong>la veste :<\/strong> longue et surtout utilis\u00e9e par les gros rouleurs par temps pluvieux, elle descend sous la taille et globalement, est l&#8217;ennemie jur\u00e9e de la classe.<br>Pratique car pleine de poches, tr\u00e8s couvrante et donc permettant d&#8217;avoir la taille moins imbib\u00e9e en cas de drache. C&#8217;est un choix de vie.<\/li><\/ul>\n\n\n\n<figure class=\"wp-block-image size-full is-resized\"><img loading=\"lazy\" decoding=\"async\" src=\"https:\/\/tartine.linkpc.net\/wp-content\/uploads\/2022\/08\/image-12.png\" alt=\"\" class=\"wp-image-296\" width=\"319\" height=\"319\" srcset=\"https:\/\/blog.nibelheim.fr\/wp-content\/uploads\/2022\/08\/image-12.png 613w, https:\/\/blog.nibelheim.fr\/wp-content\/uploads\/2022\/08\/image-12-300x300.png 300w, https:\/\/blog.nibelheim.fr\/wp-content\/uploads\/2022\/08\/image-12-150x150.png 150w\" sizes=\"auto, (max-width: 319px) 100vw, 319px\" \/><\/figure>\n\n\n\n<ul class=\"wp-block-list\"><li><strong>le blouson<\/strong> : de loin, on dirait une veste, mais c&#8217;est un blouson. Beaucoup plus cintr\u00e9, beaucoup moins de poches, c&#8217;est l&#8217;ami de l&#8217;\u00e9t\u00e9 et de la classe motardesque.<br>Pour l&#8217;identifier, la taille des manches <em>(la longueur des manches est sup\u00e9rieure \u00e0 celle du torse)<\/em> et l&#8217;absence de poches en surface.<\/li><\/ul>\n\n\n\n<figure class=\"wp-block-image size-full is-resized\"><img loading=\"lazy\" decoding=\"async\" src=\"https:\/\/tartine.linkpc.net\/wp-content\/uploads\/2022\/08\/image-13.png\" alt=\"\" class=\"wp-image-297\" width=\"293\" height=\"330\" srcset=\"https:\/\/blog.nibelheim.fr\/wp-content\/uploads\/2022\/08\/image-13.png 546w, https:\/\/blog.nibelheim.fr\/wp-content\/uploads\/2022\/08\/image-13-266x300.png 266w\" sizes=\"auto, (max-width: 293px) 100vw, 293px\" \/><\/figure>\n\n\n\n<p><strong>=> Dans ton cas <em>(comme dans le mien)<\/em>, le blouson est plus indiqu\u00e9, car souvent moins cher, moins encombrant et moins ridicule.<\/strong><\/p>\n\n\n\n<h2 class=\"wp-block-heading\">Cuir ou textile?<\/h2>\n\n\n\n<p>Le l\u00e9gendaire &#8220;cuir&#8221;, apanage du motard depuis que la moto existe, n&#8217;a plus tellement lieu d&#8217;\u00eatre maintenant la seule mati\u00e8re disponible.<br>Certes, le cuir est le seul v\u00eatement agr\u00e9\u00e9 circuit, mais comme on ne va pas aller br\u00fbler de la gomme sur piste, on va rester sur de l&#8217;excellent textile, plus l\u00e9ger, bien moins cher, bien moins p\u00e9nible \u00e0 l&#8217;entretien, et moins absurdement chaud <em>(oui oui, m\u00eame si on se p\u00e8le dehors, on peut tout \u00e0 fait mourir de chaud dans un cuir)<\/em>.<br>Tout aussi, voire potentiellement davantage, s\u00e9curitaire qu&#8217;un cuir, le blouson textile moto est de toute fa\u00e7on pourvu de <strong>renforts aux \u00e9paules et aux coudes parfois aux avant-bras<\/strong>, ainsi que d&#8217;une <strong>poche \u00e0 dorsale<\/strong> &#8211; on y reviendra.<\/p>\n\n\n\n<p><strong>=> Textile. Point.<\/strong><\/p>\n\n\n\n<h2 class=\"wp-block-heading\">Et\u00e9, mi-saison, hiver?<\/h2>\n\n\n\n<p>On va tout de suite oublier le blouson d&#8217;\u00e9t\u00e9, souvent en mesh, pour toi : grande frileuse s&#8217;il en est, il ne sert qu&#8217;aux fragiles comme moi quand la temp\u00e9rature d\u00e9passe les 20 degr\u00e9s.<\/p>\n\n\n\n<p>Le blouson d&#8217;hiver est encombrant et n&#8217;est \u00e0 choisir que s&#8217;il dispose d&#8217;une doublure amovible &#8211; g\u00e9n\u00e9ralement l&#8217;apanage des mi-saison. Il est tr\u00e8s chaud et m\u00eame moi, qui roule par 0\u00b0C souvent, n&#8217;ai jamais eu besoin d&#8217;autre chose qu&#8217;un mi-saison avec sa doublure &#8211; tout en \u00e9tant en t-shirt dessous.<\/p>\n\n\n\n<p>Le mi-saison, ou &#8220;toutes saisons&#8221;, est le couteau-suisse \u00e0 privil\u00e9gier : plus s\u00e9curitaire qu&#8217;un blouson \u00e9t\u00e9 <em>(davantage de tissu, y&#8217;a pas de secret)<\/em>, moins \u00e9touffant qu&#8217;un blouson hiver, avec un tarif interm\u00e9diaire, il peut \u00eatre fourni avec une doublure amovible fort pratique quand on ne conna\u00eet pas l&#8217;\u00e9tat de sudation subs\u00e9quent \u00e0 une m\u00e9t\u00e9o capricieuse.<br><strong>A noter que la doublure n&#8217;est aucunement obligatoire <\/strong>: je roule souvent en mi-saison sans doublure, mais avec un hoodie sous le blouson.<\/p>\n\n\n\n<p><strong>=> Dans ton cas, on va privil\u00e9gier le mi-saison, avec ou sans doublure, en v\u00e9rit\u00e9 \u00e7a ne p\u00e8se que tr\u00e8s peu dans le choix final &#8211; sauf si tu n&#8217;as pas de hoodie ou polaire.<br>Attention! Il faut l&#8217;emmener avec toi lors de l&#8217;essayage, cette \u00e9paisseur suppl\u00e9mentaire, car un blouson de moto doit \u00eatre tr\u00e8s ajust\u00e9 &#8211; on en parle plus bas.<\/strong><\/p>\n\n\n\n<h2 class=\"wp-block-heading\">Ajustement<\/h2>\n\n\n\n<p>Un blouson de moto doit \u00eatre <strong>tr\u00e8s cintr\u00e9.<\/strong><br>Aucunement pour une raison de classe ou de style, mais de <strong>s\u00e9curit\u00e9<\/strong>.<br>En effet, les protections dispos\u00e9es aux \u00e9paules, coudes et \u00e9ventuellement avant-bras sont <strong>positionn\u00e9es strat\u00e9giquement pour qu&#8217;en cas de chute, elles soient pr\u00e9sentes entre la route et toi<\/strong>.<br>Ca a l&#8217;air con dit comme \u00e7a, mais s&#8217;il est possible, alors que tu as le blouson enfil\u00e9, de <strong>tourner la manche autour de ton bras<\/strong>, alors le blouson est trop grand! En cas de gamelle, la coudi\u00e8re <strong>va se retrouver du mauvais c\u00f4t\u00e9 du bras<\/strong> lors du raclement sur la chauss\u00e9e, et \u00e0 ce moment-l\u00e0, c&#8217;est <strong>carpaccio, balafres et autres bleus ou fractures<\/strong> qui prennent leurs meilleurs honoraires.<\/p>\n\n\n\n<p>Beaucoup de blousons disposent de <strong>bandelettes d&#8217;ajustement<\/strong> sur les bras pour r\u00e9duire la circonf\u00e9rence de la manche, notamment en bas d&#8217;absence ou de pr\u00e9sence de sous-couche de v\u00eatement.<\/p>\n\n\n\n<p>Pour ce qui est du torse : <strong>une grande inspiration doit arriver en limite du confort<\/strong>. Si tu as encore du mou au niveau de la poitrine en inspiration maximale, c&#8217;est probablement que le blouson est trop grand, ce qui veut dire qu&#8217;il peut<strong> s&#8217;\u00e9carter de ta peau en cas de gamelle <\/strong><em>(par le bas ET par le col)<\/em>&#8230; Et donc laisser ta peau expos\u00e9e aux <strong>coupures, gravillons et autres joies<\/strong> se trouvant sur la route.<br>L\u00e0 encore, des mod\u00e8les existent avec des bandelettes d&#8217;ajustement.<br>A noter, enfin, qu&#8217;on roule g\u00e9n\u00e9ralement avec un tour de cou.<\/p>\n\n\n\n<h2 class=\"wp-block-heading\">Prestations<\/h2>\n\n\n\n<h3 class=\"wp-block-heading\">A\u00e9rations<\/h3>\n\n\n\n<p>Comme il fait souvent tr\u00e8s vite tr\u00e8s chaud en moto, des fermetures \u00e9clair peuvent \u00eatre pr\u00e9sentes \u00e0 divers endroits du blouson, pour faciliter un flux d&#8217;air.<\/p>\n\n\n\n<p><strong>=>Dans ton cas, d&#8217;une part je serai de toute fa\u00e7on pare-vent devant, et il est plus probable que tu aies plus froid que chaud. C&#8217;est donc plut\u00f4t inutile en ce qui te concerne.<\/strong><\/p>\n\n\n\n<h3 class=\"wp-block-heading\">Protections suppl\u00e9mentaires<\/h3>\n\n\n\n<p>Avant-bras <em>(rares)<\/em> ou hanches <em>(encore plus rares)<\/em>, ces renforts plastiques gliss\u00e9s dans la structure du blouson sont une tr\u00e8s bonne id\u00e9e. C&#8217;est une bonne id\u00e9e d&#8217;en avoir, mais encore faut-il en trouver \u00e0 des prix raisonnables.<br>De toute fa\u00e7on, \u00e9paules et coudes sont obligatoires &#8211; et minimum!<\/p>\n\n\n\n<p>=> Dans ton cas, si \u00e7a peut faire pencher la balance pour un mod\u00e8le plut\u00f4t qu&#8217;un autre, c&#8217;est un crit\u00e8re pertinent.<\/p>\n\n\n\n<h3 class=\"wp-block-heading\">Dorsale<\/h3>\n\n\n\n<p>La dorsale classique est un protection \u00e0 acheter \u00e0 part, qui se glisse dans la poche pr\u00e9vue \u00e0 cet effet dans le dos du blouson.<br>En plastique dur moletonn\u00e9 ou en D3O <em>(genre de mousse non-newtonienne jaune ou orange)<\/em>, elle permet en cas de glissade de prot\u00e9ger des chocs et de l&#8217;abrasion la zone des omoplates.<\/p>\n\n\n\n<figure class=\"wp-block-image size-full\"><img loading=\"lazy\" decoding=\"async\" width=\"170\" height=\"273\" src=\"https:\/\/tartine.linkpc.net\/wp-content\/uploads\/2022\/08\/image-14.png\" alt=\"\" class=\"wp-image-300\"\/><\/figure>\n\n\n\n<p>Malheureusement, la compatibilit\u00e9 dorsale\/blouson d\u00e9pend compl\u00e8tement de ce dernier, mais les vendeurs devraient \u00eatre capables de te conseiller une paire qui marche.<\/p>\n\n\n\n<p><strong>=> Dans ton cas, il FAUT une dorsale, et si possible, une qui descende le plus bas possible, pour prot\u00e9ger les nerfs moteurs des jambes autant que possible.<br>Et l\u00e0-dessus, rien ne vaut une dorsale tortue, qui remplace la dorsale \u00e0 glisser :<\/strong><\/p>\n\n\n\n<figure class=\"wp-block-image size-full is-resized\"><img loading=\"lazy\" decoding=\"async\" src=\"https:\/\/tartine.linkpc.net\/wp-content\/uploads\/2022\/08\/image-15.png\" alt=\"\" class=\"wp-image-301\" width=\"313\" height=\"283\" srcset=\"https:\/\/blog.nibelheim.fr\/wp-content\/uploads\/2022\/08\/image-15.png 489w, https:\/\/blog.nibelheim.fr\/wp-content\/uploads\/2022\/08\/image-15-300x271.png 300w\" sizes=\"auto, (max-width: 313px) 100vw, 313px\" \/><\/figure>\n\n\n\n<p>C&#8217;est ce type de trucs que je porte \u00e0 absolument TOUTES mes sorties moto, \u00e9t\u00e9 comme hiver. C&#8217;est plus cher, mais c&#8217;est encore plus s\u00fbr qu&#8217;une dorsale \u00e0 glisser. &#8220;Quelle valeur tu donnes \u00e0 ta facult\u00e9 \u00e0 marcher&#8221; a \u00e9t\u00e9 le d\u00e9clic d&#8217;un ami pour justifier l&#8217;achat d&#8217;une telle chose.<\/p>\n\n\n\n<h2 class=\"wp-block-heading\">Conclusion<\/h2>\n\n\n\n<ul class=\"wp-block-list\"><li><strong>Un blouson textile<\/strong><\/li><li><strong>Mi-saison, avec ou sans doublure<\/strong><\/li><li><strong>Avec une dorsale \u00e0 glisser au minimum.<\/strong><\/li><\/ul>\n","protected":false},"excerpt":{"rendered":"<p>Veste ou blouson? Il existe deux &#8220;tops&#8221; en deux roues : la veste : longue et surtout utilis\u00e9e par les gros rouleurs par temps pluvieux, elle descend sous la taille et globalement, est l&#8217;ennemie jur\u00e9e de la classe.Pratique car pleine de poches, tr\u00e8s couvrante et donc permettant d&#8217;avoir la taille [&hellip;]<\/p>\n","protected":false},"author":1,"featured_media":0,"parent":0,"menu_order":0,"comment_status":"closed","ping_status":"closed","template":"","meta":{"footnotes":""},"class_list":["post-295","page","type-page","status-publish","hentry"],"_links":{"self":[{"href":"https:\/\/blog.nibelheim.fr\/index.php?rest_route=\/wp\/v2\/pages\/295","targetHints":{"allow":["GET"]}}],"collection":[{"href":"https:\/\/blog.nibelheim.fr\/index.php?rest_route=\/wp\/v2\/pages"}],"about":[{"href":"https:\/\/blog.nibelheim.fr\/index.php?rest_route=\/wp\/v2\/types\/page"}],"author":[{"embeddable":true,"href":"https:\/\/blog.nibelheim.fr\/index.php?rest_route=\/wp\/v2\/users\/1"}],"replies":[{"embeddable":true,"href":"https:\/\/blog.nibelheim.fr\/index.php?rest_route=%2Fwp%2Fv2%2Fcomments&post=295"}],"version-history":[{"count":4,"href":"https:\/\/blog.nibelheim.fr\/index.php?rest_route=\/wp\/v2\/pages\/295\/revisions"}],"predecessor-version":[{"id":303,"href":"https:\/\/blog.nibelheim.fr\/index.php?rest_route=\/wp\/v2\/pages\/295\/revisions\/303"}],"wp:attachment":[{"href":"https:\/\/blog.nibelheim.fr\/index.php?rest_route=%2Fwp%2Fv2%2Fmedia&parent=295"}],"curies":[{"name":"wp","href":"https:\/\/api.w.org\/{rel}","templated":true}]}}