{"id":254,"date":"2022-08-27T09:06:46","date_gmt":"2022-08-27T09:06:46","guid":{"rendered":"https:\/\/tartine.linkpc.net\/?page_id=254"},"modified":"2022-08-27T15:50:10","modified_gmt":"2022-08-27T15:50:10","slug":"bon-matos-pour-meuler-pepouze","status":"publish","type":"page","link":"https:\/\/blog.nibelheim.fr\/?page_id=254","title":{"rendered":"Bon matos pour meuler p\u00e9pouze : le casque"},"content":{"rendered":"\n<h2 class=\"wp-block-heading\">Le type de casque<\/h2>\n\n\n\n<p>Il existe 3 types de casques :<br>1- Le casque <strong>int\u00e9gral<\/strong> :<\/p>\n\n\n\n<figure class=\"wp-block-image size-full\"><img loading=\"lazy\" decoding=\"async\" width=\"196\" height=\"241\" src=\"https:\/\/tartine.linkpc.net\/wp-content\/uploads\/2022\/08\/image.png\" alt=\"\" class=\"wp-image-260\"\/><\/figure>\n\n\n\n<p><br>2- Le casque <strong>jet<\/strong> :<\/p>\n\n\n\n<figure class=\"wp-block-image size-full\"><img loading=\"lazy\" decoding=\"async\" width=\"218\" height=\"230\" src=\"https:\/\/tartine.linkpc.net\/wp-content\/uploads\/2022\/08\/image-1.png\" alt=\"\" class=\"wp-image-261\"\/><\/figure>\n\n\n\n<p><br>3- Le casque <strong>modulaire<\/strong> :<\/p>\n\n\n\n<figure class=\"wp-block-image size-full\"><img loading=\"lazy\" decoding=\"async\" width=\"236\" height=\"238\" src=\"https:\/\/tartine.linkpc.net\/wp-content\/uploads\/2022\/08\/image-2.png\" alt=\"\" class=\"wp-image-262\" srcset=\"https:\/\/blog.nibelheim.fr\/wp-content\/uploads\/2022\/08\/image-2.png 236w, https:\/\/blog.nibelheim.fr\/wp-content\/uploads\/2022\/08\/image-2-150x150.png 150w\" sizes=\"auto, (max-width: 236px) 100vw, 236px\" \/><\/figure>\n\n\n\n<p><br><\/p>\n\n\n\n<p>La diff\u00e9rence entre les trois va se tenir au niveau de la mentonni\u00e8re : <strong>fixe <\/strong>sur l&#8217;int\u00e9gral, <strong>absente <\/strong>sur le jet, <strong>amovible <\/strong>sur les modulaires <em>(comme les casques de gendarmerie)<\/em>.<\/p>\n\n\n\n<p>Les casques jet sont trop dangereux en cas du moindre accident <em>(sauf si manger de la soupe \u00e0 la paille pour les 18 prochains mois, ou la perspective de ressembler \u00e0 Raziel dans Soul Reaver t&#8217;est attirante)<\/em>.<br>Les casques modulaires sont chers, lourds et bruyants <em>(sauf \u00e0 mettre des centaines d&#8217;euros dedans)<\/em>, \u00e0 cause de toute la m\u00e9canique suppl\u00e9mentaire embarqu\u00e9e et des ruptures a\u00e9rodynamiques qu&#8217;elle engendre.<br>Ils servent aux gros rouleurs pour se faire comprendre \u00e0 l&#8217;arr\u00eat par les tiers <em>(depuis un int\u00e9gral, \u00e0 part des chapelets de borborygmes, on ne comprend rien)<\/em>, pr\u00e9sentent un certain confort \u00e0 l&#8217;arr\u00eat <em>(il fait vite chaud dans un casque)<\/em>, mais comme il est interdit de rouler casque ouvert <em>(et idiot)<\/em>, aucun int\u00e9r\u00eat.<\/p>\n\n\n\n<p><strong>=&gt; Le bon choix est l&#8217;int\u00e9gral, sans discussion.<\/strong> Bien moins cher, plus s\u00e9curitaire (les normes UE s&#8217;en assurent), c&#8217;est le choix le plus logique.<\/p>\n\n\n\n<h2 class=\"wp-block-heading\">La fermeture (jugulaire)<\/h2>\n\n\n\n<p>Il existe deux \u00e9coles pour la fermeture du casque :<br>1- La <strong>boucle microm\u00e9trique<\/strong>, ou attache rapide :<\/p>\n\n\n\n<figure class=\"wp-block-image size-full\"><img loading=\"lazy\" decoding=\"async\" width=\"600\" height=\"300\" src=\"https:\/\/tartine.linkpc.net\/wp-content\/uploads\/2022\/08\/image-3.png\" alt=\"\" class=\"wp-image-264\" srcset=\"https:\/\/blog.nibelheim.fr\/wp-content\/uploads\/2022\/08\/image-3.png 600w, https:\/\/blog.nibelheim.fr\/wp-content\/uploads\/2022\/08\/image-3-300x150.png 300w\" sizes=\"auto, (max-width: 600px) 100vw, 600px\" \/><\/figure>\n\n\n\n<p>2- Le <strong>double D<\/strong> :<\/p>\n\n\n\n<figure class=\"wp-block-image size-full\"><img loading=\"lazy\" decoding=\"async\" width=\"407\" height=\"443\" src=\"https:\/\/tartine.linkpc.net\/wp-content\/uploads\/2022\/08\/image-4.png\" alt=\"\" class=\"wp-image-265\" srcset=\"https:\/\/blog.nibelheim.fr\/wp-content\/uploads\/2022\/08\/image-4.png 407w, https:\/\/blog.nibelheim.fr\/wp-content\/uploads\/2022\/08\/image-4-276x300.png 276w\" sizes=\"auto, (max-width: 407px) 100vw, 407px\" \/><\/figure>\n\n\n\n<p>La voix des motards veut que le double D soit plus s\u00fbr, dans la mesure o\u00f9 tu es <strong>oblig\u00e9e de le r\u00e9gler &#8220;bien&#8221; \u00e0 chaque fois que tu mets ton casque<\/strong>. C&#8217;est un syst\u00e8me que je n&#8217;aime pas trop, parce qu&#8217;il est impossible \u00e0 mettre avec des gants, mais qui, je pense, est un peu plus s\u00e9curitaire&#8230; Et je ne l&#8217;aime pas parce que je ne l&#8217;ai pas pratiqu\u00e9, en fait.<br>Plus s\u00e9curitaire&#8230; Sauf si tu fais constamment attention au serrage de ta boucle microm\u00e9trique.<br>Celle-ci se serre une premi\u00e8re fois, puis s&#8217;ouvre et se ferme comme une ceinture de s\u00e9curit\u00e9 <em>(sauf qu&#8217;elle est r\u00e9glable, tout en \u00e9tant serr\u00e9e &#8211; c&#8217;est pour \u00e7a qu&#8217;on l&#8217;appelle microm\u00e9trique, m\u00eame si c&#8217;est abusif, le syst\u00e8me permet de garder une certaine latitude de serrage tout en \u00e9tant, donc r\u00e9gl\u00e9e)<\/em>.<br>Je trouve ce syst\u00e8me rapide plus confortable au quotidien, et sans aucun danger pour peu que l&#8217;on fasse attention \u00e0 toujours bien sentir contre sa jugulaire &#8220;la bonne pression&#8221; indiquant que le casque est bien ajust\u00e9.<br>Attendu qu&#8217;en 7 ans de moto, je n&#8217;ai jamais connu de boucle microm\u00e9trique qui se d\u00e9r\u00e8gle magiquement, tout au plus une fois tous les 3 mois je resserre un coup, et encore, c&#8217;est quelques millim\u00e8tres.<br>Attendu \u00e9galement que tu peux tr\u00e8s facilement l&#8217;ajuster une fois mise <em>(en resserrant, pas en l&#8217;agrandissant, auquel cas il faut enlever le casque d&#8217;abord)<\/em>. Je pr\u00e9f\u00e8re donc la boucle parce qu&#8217;elle est manipulable avec les gants, <strong>mais les deux se valent, au final<\/strong>. Question d&#8217;habitude.<\/p>\n\n\n\n<h2 class=\"wp-block-heading\">Les accessoires<\/h2>\n\n\n\n<p>Les casque peuvent avoir beaucoup d&#8217;accessoires, ou de prestation, d&#8217;utilit\u00e9 \u00e0 d\u00e9terminer.<\/p>\n\n\n\n<h5 class=\"wp-block-heading\"><strong><em>Le pinlock (ou double visi\u00e8re\/double lentille)<\/em><\/strong><\/h5>\n\n\n\n<figure class=\"wp-block-image size-full\"><img loading=\"lazy\" decoding=\"async\" width=\"438\" height=\"385\" src=\"https:\/\/tartine.linkpc.net\/wp-content\/uploads\/2022\/08\/image-5.png\" alt=\"\" class=\"wp-image-268\" srcset=\"https:\/\/blog.nibelheim.fr\/wp-content\/uploads\/2022\/08\/image-5.png 438w, https:\/\/blog.nibelheim.fr\/wp-content\/uploads\/2022\/08\/image-5-300x264.png 300w\" sizes=\"auto, (max-width: 438px) 100vw, 438px\" \/><\/figure>\n\n\n\n<p>G\u00e9n\u00e9ralement disponible sur les casques milieu de gamme, le pinlock <em>(nom de la marque qui produit ce dispositif)<\/em> est un double vitrage plastique qui s&#8217;installe sur la face interne de la visi\u00e8re <em>(ou lentille, quand on veut se la p\u00e9ter)<\/em> sur deux petits picots qui sont pr\u00e9vus d&#8217;origine.<br>Il n&#8217;est pas possible d&#8217;ajouter un pinlock \u00e0 un casque qui n&#8217;est pas pr\u00e9vu pour.<br>Ce dispositif est pratique \u00e0 partir de l&#8217;automne, d\u00e8s lors que l&#8217;humidit\u00e9 remonte dans l&#8217;air, et qu&#8217;une grande diff\u00e9rence de temp\u00e9rature peut exister entre l&#8217;int\u00e9rieur et l&#8217;ext\u00e9rieur du casque. En effet, la visi\u00e8re s&#8217;embrume tr\u00e8s vite, ce qui est extr\u00eamement dangereux <em>(en pratique, tu conduis en aveugle, et pour avoir test\u00e9, c&#8217;est vraiment pas cool)<\/em>.<br>Le pinlock permet, sur la surface de sa seconde lentille, qui est s\u00e9par\u00e9e par une couche d&#8217;air de la visi\u00e8re et un joint qui court tout autour, <strong>de ne plus avoir de bu\u00e9e dans la zone de vision<\/strong>.<\/p>\n\n\n\n<p><strong>=&gt; Int\u00e9r\u00eat pour toi : inutile \u00e0 mod\u00e9r\u00e9. C&#8217;est cool \u00e0 avoir, mais comme on ne va pas rouler en automne ou hiver, il y a une solution moins ch\u00e8re et un peu moins efficace (surtout en hiver) qui existe. Sachant que m\u00eame le pinlock a ses limites et qu&#8217;il m&#8217;est arriv\u00e9 de devoir rouler avec la visi\u00e8re entrouverte pour d\u00e9sembuer le casque&#8230;<br>Avis perso : \u00e7a ne devrait pas \u00eatre un argument de vente pour toi.<\/strong><\/p>\n\n\n\n<h5 class=\"wp-block-heading\"><em>Le traitement antibu\u00e9e<\/em><\/h5>\n\n\n\n<p>Apanage des casque bas de gamme <em>(entre 70 et 150\u20ac)<\/em>, le traitement antibu\u00e9e est un traitement de surface qui permet d&#8217;\u00e9tonnamment bons r\u00e9sultats, en s&#8217;affranchissant du surco\u00fbt du pinlock <em>(coucou la licence et la marque!)<\/em>.<br>Je ne sais pas dire s&#8217;il est aussi efficace sur le long terme, ni dans les m\u00eames conditions que le pinlock, mais m\u00eame en automne, le d\u00e9sembuage est assez spectaculaire.<\/p>\n\n\n\n<p><strong>=&gt; Int\u00e9r\u00eat pour toi : mod\u00e9r\u00e9. Je pense que c&#8217;est une bonne chose d&#8217;avoir au moins \u00e7a, mais je crois que presque aucun casque n&#8217;est vendu sans ce traitement. A v\u00e9rifier lors de l&#8217;achat.<\/strong><\/p>\n\n\n\n<h5 class=\"wp-block-heading\"><em>La visi\u00e8re solaire<\/em><\/h5>\n\n\n\n<p>Luxe indispensable pour le rouleur hiver et mi-saison, la double visi\u00e8re solaire est basiquement une paire de lunettes de soleil int\u00e9gr\u00e9e au casque.<\/p>\n\n\n\n<figure class=\"wp-block-image size-full is-resized\"><img loading=\"lazy\" decoding=\"async\" src=\"https:\/\/tartine.linkpc.net\/wp-content\/uploads\/2022\/08\/image-6.png\" alt=\"\" class=\"wp-image-271\" width=\"364\" height=\"357\" srcset=\"https:\/\/blog.nibelheim.fr\/wp-content\/uploads\/2022\/08\/image-6.png 608w, https:\/\/blog.nibelheim.fr\/wp-content\/uploads\/2022\/08\/image-6-300x295.png 300w\" sizes=\"auto, (max-width: 364px) 100vw, 364px\" \/><\/figure>\n\n\n\n<p>Il existe deux m\u00e9canismes de descente de cette visi\u00e8re solaire : sur le c\u00f4t\u00e9 de la visi\u00e8re normale, ou sur le dessus du casque. Je privil\u00e9gie le c\u00f4t\u00e9, car un casque est haut et oblige \u00e0 faire un mouvement beaucoup plus ample pour sortir ou rentrer la visi\u00e8re solaire, ce qui n&#8217;est pas s\u00e9curitaire \u00e0 mes yeux.<\/p>\n\n\n\n<p><strong>=&gt; Int\u00e9r\u00eat pour toi : bas. C&#8217;est surtout effroyablement utile quand le soleil se l\u00e8ve ou se couche, car je mets cette visi\u00e8re ET mes lunettes de soleil pour ne pas me faire \u00e9blouir.<\/strong><br><strong>Mais comme on sera en \u00e9t\u00e9, les lunettes de soleil seules pour toi suffiront largement &#8211; on ne prendra probablement pas la route avec le soleil rasant, d&#8217;une part, et d&#8217;autre part, c&#8217;est moi qui conduis (et j&#8217;ai la solaire), donc \u00e7a ne sera pas dangereux.<\/strong><\/p>\n\n\n\n<p><strong><em>Filet anti-remous menton<\/em><\/strong><\/p>\n\n\n\n<p>Ce truc est probablement le plus inutile du lot <em>(avec le saut de vent nasal)<\/em> : je l&#8217;ai eu sur tous mes casques, et consiste en une pseudo-toile tendue sous le casque, suppos\u00e9ment pour r\u00e9duire les remous du vent.<br>Comme j&#8217;ai une grosse moto car\u00e9n\u00e9e, je ne souffre aucunement du vent, et surtout, ce filet me g\u00eane TOUJOURS quand je mets ou j&#8217;enl\u00e8ve mon casque, puisque mon menton se prend dedans. Bilan, je l&#8217;ai vir\u00e9 sur tous mes casques, et \u00e7a favorise le flux d&#8217;air pour d\u00e9sembuer, en plus.<br>C&#8217;est amovible, donc en cas de regret, \u00e7a se remet facilement.<\/p>\n\n\n\n<figure class=\"wp-block-image size-full is-resized\"><img loading=\"lazy\" decoding=\"async\" src=\"https:\/\/tartine.linkpc.net\/wp-content\/uploads\/2022\/08\/image-7.png\" alt=\"\" class=\"wp-image-273\" width=\"227\" height=\"347\" srcset=\"https:\/\/blog.nibelheim.fr\/wp-content\/uploads\/2022\/08\/image-7.png 414w, https:\/\/blog.nibelheim.fr\/wp-content\/uploads\/2022\/08\/image-7-197x300.png 197w\" sizes=\"auto, (max-width: 227px) 100vw, 227px\" \/><\/figure>\n\n\n\n<p><strong>=&gt; Int\u00e9r\u00eat pour toi : douteux. Peut-\u00eatre qu&#8217;en passager il y a plus d&#8217;int\u00e9r\u00eat, mais normalement, je ferai pare-vent pour toi.<\/strong><\/p>\n\n\n\n<h5 class=\"wp-block-heading\"><em>Saut de vent nasal<\/em><\/h5>\n\n\n\n<p>Vendu comme une prestation, c&#8217;est simplement la bosse devant le nez sur la mentonni\u00e8re. Fourni avec litt\u00e9ralement tous les casques, c&#8217;est un immense &#8220;on s&#8217;en fout&#8221; parce qu&#8217;on roule visi\u00e8re ferm\u00e9e&#8230;<\/p>\n\n\n\n<h5 class=\"wp-block-heading\"><em>Tire-mousse d&#8217;urgence<\/em><\/h5>\n\n\n\n<p>Certains casques, plut\u00f4t milieu-haut de gamme, proposent deux tirettes pour s\u00e9parer les mousses de la coque du casque. Sur la photo du dessus, c&#8217;est marqu\u00e9 &#8220;Emergency&#8221; dessus.<\/p>\n\n\n\n<p><strong>=&gt; Int\u00e9r\u00eat pour toi  : je ne saurais le dire. Franchement, j&#8217;ai \u00e7a depuis mes deux derniers casques, mais jamais eu \u00e0 m&#8217;en servir, je ne sais donc pas si \u00e7a sert \u00e0 quelque chose ou pas.<\/strong><\/p>\n\n\n\n<h5 class=\"wp-block-heading\"><em>Emplacement intercom (oreilles)<\/em><\/h5>\n\n\n\n<p>L&#8217;intercom est le nom d\u00e9di\u00e9 pour un talkie-walkie de moto. C&#8217;est un syst\u00e8me compos\u00e9 d&#8217;un \u00e9metteur\/r\u00e9cepteur qui s&#8217;accroche sur la coque du casque, de deux \u00e9couteurs\/enceintes qui se fixe dans le casque, ainsi qu&#8217;un micro col-de-cygne qui se positionne dans la mentonni\u00e8re <em>(l&#8217;installation prend 10 minutes, je le ferai puisque je prendrai un second intercom pour ce road trip)<\/em>.<br><\/p>\n\n\n\n<figure class=\"wp-block-image size-full\"><img loading=\"lazy\" decoding=\"async\" width=\"372\" height=\"279\" src=\"https:\/\/tartine.linkpc.net\/wp-content\/uploads\/2022\/08\/image-9.png\" alt=\"\" class=\"wp-image-275\" srcset=\"https:\/\/blog.nibelheim.fr\/wp-content\/uploads\/2022\/08\/image-9.png 372w, https:\/\/blog.nibelheim.fr\/wp-content\/uploads\/2022\/08\/image-9-300x225.png 300w\" sizes=\"auto, (max-width: 372px) 100vw, 372px\" \/><\/figure>\n\n\n\n<p><br>Si l&#8217;\u00e9metteur\/r\u00e9cepteur et le micro ne requi\u00e8rent aucun am\u00e9nagement particulier, ce n&#8217;est pas le cas des \u00e9couteurs, qui font 30mm de large et n\u00e9cessitent des ajourements au niveau des oreilles dans la garniture du casque.<br>Quasiment tous les casques en sont \u00e9quip\u00e9s <em>(tu as des caches amovibles)<\/em>, mais il faut imp\u00e9rativement v\u00e9rifier avant d&#8217;acheter.<\/p>\n\n\n\n<figure class=\"wp-block-image size-full\"><img loading=\"lazy\" decoding=\"async\" width=\"710\" height=\"474\" src=\"https:\/\/tartine.linkpc.net\/wp-content\/uploads\/2022\/08\/image-8.png\" alt=\"\" class=\"wp-image-274\" srcset=\"https:\/\/blog.nibelheim.fr\/wp-content\/uploads\/2022\/08\/image-8.png 710w, https:\/\/blog.nibelheim.fr\/wp-content\/uploads\/2022\/08\/image-8-300x200.png 300w\" sizes=\"auto, (max-width: 710px) 100vw, 710px\" \/><\/figure>\n\n\n\n<p>Attention : l&#8217;intercom que je te monterai sera de type externe (l&#8217;\u00e9metteur est visible dehors). Il existe maintenant des casques pr\u00e9vus pour accueillir des intercoms int\u00e9gr\u00e9s, compl\u00e8tement invisibles. <strong>Ceux-ci sont terriblement sp\u00e9cifiques et ne pr\u00e9sentent aucun int\u00e9r\u00eat pour nous<\/strong> &#8211; un intercom digne de ce nom co\u00fbtant minimum 150\u20ac, tu penses bien qu&#8217;on va privil\u00e9gier le nombre de combinaisons casque\/intercom possible&#8230;<\/p>\n\n\n\n<p><strong>=&gt; Int\u00e9r\u00eat pour toi : primordial! Sinon, c&#8217;est tr\u00e8s vite tr\u00e8s chiant de rouler avec juste le bruit du vent&#8230;<\/strong><\/p>\n\n\n\n<h2 class=\"wp-block-heading\">La visi\u00e8re<\/h2>\n\n\n\n<p>Dernier point avant le r\u00e9sum\u00e9 : le m\u00e9canisme de fermeture de visi\u00e8re.<br>Une visi\u00e8re, c&#8217;est cher. Entre 80 et 200\u20ac, oui oui, juste pour ce bout de plastique.<br>Je ne vais pas te parler des visi\u00e8re chromatiques ou color\u00e9es, nous, on va partir avec uniquement du transparent standard.<\/p>\n\n\n\n<p>En revanche, il me semble n\u00e9cessaire de parler des deux grandes familles de fermeture de visi\u00e8res :<br>&#8211; La fermeture \u00e0 s\u00e9curit\u00e9 :<\/p>\n\n\n\n<figure class=\"wp-block-image size-full is-resized\"><img loading=\"lazy\" decoding=\"async\" src=\"https:\/\/tartine.linkpc.net\/wp-content\/uploads\/2022\/08\/image-11.png\" alt=\"\" class=\"wp-image-277\" width=\"208\" height=\"305\" srcset=\"https:\/\/blog.nibelheim.fr\/wp-content\/uploads\/2022\/08\/image-11.png 348w, https:\/\/blog.nibelheim.fr\/wp-content\/uploads\/2022\/08\/image-11-205x300.png 205w\" sizes=\"auto, (max-width: 208px) 100vw, 208px\" \/><\/figure>\n\n\n\n<p><br>&#8211; La fermeture classique :<\/p>\n\n\n\n<figure class=\"wp-block-image size-full\"><img loading=\"lazy\" decoding=\"async\" width=\"213\" height=\"178\" src=\"https:\/\/tartine.linkpc.net\/wp-content\/uploads\/2022\/08\/image-10.png\" alt=\"\" class=\"wp-image-276\"\/><\/figure>\n\n\n\n<p><\/p>\n\n\n\n<p>Il ne s&#8217;agit pas des noms officiels, mais on s&#8217;en fout.<br>La fermeture \u00e0 s\u00e9curit\u00e9 dispose, en plein milieu du bas de la visi\u00e8re, <strong>d&#8217;un m\u00e9canisme qu&#8217;il faut pincer<\/strong> pour relever la visi\u00e8re.<br>La visi\u00e8re classique a un <strong>ergot qui d\u00e9passe <\/strong>sur un c\u00f4t\u00e9 de la visi\u00e8re, et qu&#8217;il faut pousser vers le haut ou vers le bas pour ouvrir et fermer la visi\u00e8re.<\/p>\n\n\n\n<p>La raison officielle d&#8217;\u00eatre de la s\u00e9curit\u00e9, c&#8217;est qu&#8217;il y aurait des gens dont la visi\u00e8re se serait ouverte brusquement sur la route, avant de s&#8217;arracher du casque <em>(oui, parce que se prendre 200km de vent d&#8217;un coup, \u00e7a fait mal au m\u00e9canisme d&#8217;ouverture)<\/em>.<\/p>\n\n\n\n<p>Outre le c\u00f4t\u00e9 improbable de la chose, et l&#8217;inconnue que repr\u00e9sentent les conditions dans lesquelles ceci est arriv\u00e9 <em>(vitesse, usure du casque, type de moto &#8211; avec ou sans bulle (le &#8220;pare-brise&#8221; de ma moto), \u00e9tat d&#8217;ouverture de la visi\u00e8re avant qu&#8217;elle s&#8217;envole)<\/em>, on peut se dire que la s\u00e9curit\u00e9 est une bonne id\u00e9e.<br>Sauf qu&#8217;en pratique, ce m\u00e9canisme est pour moi une saloperie finie : le m\u00e9canisme \u00e0 pincer induit une fragilisation de la visi\u00e8re l\u00e0 o\u00f9 il est mont\u00e9. Bilan : je connais quelques personnes qui se sont retrouv\u00e9es avec le m\u00e9canisme dans une main et la visi\u00e8re dans l&#8217;autre. Et on parle de personnes soigneuses, hein, pas de Jean Foutre. Et accessoirement, la visi\u00e8re ne peut plus fermer correctement sans m\u00e9canisme.<\/p>\n\n\n\n<p><strong>=&gt; Mon avis perso est qu&#8217;il faut r\u00e9ellement privil\u00e9gier la fermeture standard sans s\u00e9curit\u00e9. C&#8217;est un peu plus rude \u00e0 manier, mais c&#8217;est pour moi plus s\u00e9curitaire et moins cher sur le long terme.<\/strong><\/p>\n\n\n\n<h2 class=\"wp-block-heading\">Les lunettes de soleil<\/h2>\n\n\n\n<p>Si, comme moi, tu as les yeux handicap\u00e9s ou fragiles, il est important de pr\u00e9voir l&#8217;usage des lunettes dans le casque.<br>La plupart des casques ne posent pas de probl\u00e8me, mais si tu comptes pouvoir enfiler des lunettes dedans, alors n&#8217;oublie pas de les prendre lors de l&#8217;achat du casque!<\/p>\n\n\n\n<h2 class=\"wp-block-heading\">L&#8217;ajustement du casque<\/h2>\n\n\n\n<p>Certainement LA partie la plus importante, mais le vendeur ou la vendeuse te le dira mieux que moi.<br>Un casque, peu importe son type, doit \u00eatre bien ajust\u00e9 : il doit serrer la t\u00eate uniform\u00e9ment &#8211; <strong>surtout pas de barre au niveau du front ou au niveau des oreilles<\/strong>.<br>Un casque neuf te poussera sur les joues, en mode hamster : c&#8217;est normal! Les mousses se tassent avec le temps, c&#8217;est normal qu&#8217;au d\u00e9but \u00e7a serre. Cependant, il faut quand m\u00eame que tu puisses fermer la bouche, et que \u00e7a ne te fasse pas mal.<br>D\u00e9terminer la taille :<br><strong>&#8211; Test num\u00e9ro 1 : jeu interne lat\u00e9ral.<\/strong><br>La technique est d&#8217;<strong>ajuster la jugulaire<\/strong> <em>(l\u00e0 encore, c&#8217;est normalement le travail du vendeur)<\/em>, donc tu serres suffisamment pour que tu le sentes, mais pas jusqu&#8217;\u00e0 ce que tu ne puisses plus du tout ouvrir la bouche <em>(tu dois pouvoir parler intelligiblement du bout des l\u00e8vres, en gros)<\/em>.<br>Ceci fait, tu <strong>mets tes mains sur chaque c\u00f4t\u00e9 du casque, tu le maintiens droit<\/strong>, puis tu <strong>essayes de tourner la t\u00eate dans ton casque<\/strong> : tu ne dois pas pouvoir y arriver, genre 1-2cm de jeu lat\u00e9ral, pas plus. Si tu arrives \u00e0 faire un quart de tour dans ton casque, c&#8217;est qu&#8217;il est trop grand!<br><strong>&#8211; Test num\u00e9ro 2 : jeu interne longitudinal.<\/strong><br>Jugulaire correctement serr\u00e9e, tu places tes mains derri\u00e8re le casque <em>(genre mains derri\u00e8re la t\u00eate)<\/em>, puis tu <strong>pousses le casque vers l&#8217;avant <\/strong>comme pour le plaquer sur l&#8217;occiput.<br>Maintenant, tu maintiens comme \u00e7a avec une main, et tu essayes de passer un doigt entre ton front et le casque : <strong>tu ne dois pas pouvoir y arriver, mais &#8220;presque&#8221;<\/strong>, genre moiti\u00e9 d&#8217;un doigt \u00e7a passerait.<\/p>\n\n\n\n<p>Encore une fois, le casque doit serrer, mais sans douleur : plus tu roules, plus la douleur s&#8217;intensifiera!<\/p>\n\n\n\n<h2 class=\"wp-block-heading\">Le poids<\/h2>\n\n\n\n<p>Le poids du casque est souvent martel\u00e9 en argument marketing. On ne va pas se raconter d&#8217;histoire, comme on ne va pas rouler des jours durant, et en coupant souvent de pauses, on s&#8217;en fout, globalement.<br>Un casque confortable, c&#8217;est d\u00e9j\u00e0 une victoire.<\/p>\n\n\n\n<h2 class=\"wp-block-heading\">Le bruit<\/h2>\n\n\n\n<p>La pire des choses en moto! Malheureusement, aucun vendeur ne m&#8217;a jamais donn\u00e9 la possibilit\u00e9 de tester un casque en moto <em>(un comble)<\/em>. Avantage pour toi, on ne va encore une fois pas rouleur longtemps, ni rouler vite : je recommande de pr\u00e9voir des bouchons d&#8217;oreille <em>(j&#8217;en aurai)<\/em>, mais comme de toute fa\u00e7on on part sur un casque d&#8217;entr\u00e9e de gamme, tu auras ce que tu auras &#8211; il faut passer les 300\u20ac pour commencer \u00e0 avoir un truc correct, et encore, c&#8217;est pas fou.<br>Attendu que je conduirai, tu seras majoritairement prot\u00e9g\u00e9e de toute fa\u00e7on!<\/p>\n\n\n\n<h2 class=\"wp-block-heading\">Conclusion<\/h2>\n\n\n\n<p>Si je r\u00e9sume ce qu&#8217;il te faut :<br>&#8211; Casque int\u00e9gral,<br>&#8211; Double D ou boucle microm\u00e9trique,<br>&#8211; Avec une visi\u00e8re trait\u00e9e antibu\u00e9e minimum <strong>(si pinlock, tant mieux, mais fais-le monter au magasin par le vendeur!!!)<\/strong>,<br>&#8211; Avec ajourements pour les \u00e9couteurs,<br>&#8211; Qui passe les lunettes de soleil si besoin,<br>&#8211; En fermeture de visi\u00e8re classique.<\/p>\n\n\n\n<p>Tu peux trouver des casques qui r\u00e9pondent \u00e0 \u00e7a sans aucun souci sous les 100\u20ac <em>(modulo la hausse des prix, \u00e9videmment)<\/em>.<\/p>\n","protected":false},"excerpt":{"rendered":"<p>Le type de casque Il existe 3 types de casques :1- Le casque int\u00e9gral : 2- Le casque jet : 3- Le casque modulaire : La diff\u00e9rence entre les trois va se tenir au niveau de la mentonni\u00e8re : fixe sur l&#8217;int\u00e9gral, absente sur le jet, amovible sur les modulaires [&hellip;]<\/p>\n","protected":false},"author":1,"featured_media":0,"parent":0,"menu_order":0,"comment_status":"closed","ping_status":"closed","template":"","meta":{"footnotes":""},"class_list":["post-254","page","type-page","status-publish","hentry"],"_links":{"self":[{"href":"https:\/\/blog.nibelheim.fr\/index.php?rest_route=\/wp\/v2\/pages\/254","targetHints":{"allow":["GET"]}}],"collection":[{"href":"https:\/\/blog.nibelheim.fr\/index.php?rest_route=\/wp\/v2\/pages"}],"about":[{"href":"https:\/\/blog.nibelheim.fr\/index.php?rest_route=\/wp\/v2\/types\/page"}],"author":[{"embeddable":true,"href":"https:\/\/blog.nibelheim.fr\/index.php?rest_route=\/wp\/v2\/users\/1"}],"replies":[{"embeddable":true,"href":"https:\/\/blog.nibelheim.fr\/index.php?rest_route=%2Fwp%2Fv2%2Fcomments&post=254"}],"version-history":[{"count":13,"href":"https:\/\/blog.nibelheim.fr\/index.php?rest_route=\/wp\/v2\/pages\/254\/revisions"}],"predecessor-version":[{"id":282,"href":"https:\/\/blog.nibelheim.fr\/index.php?rest_route=\/wp\/v2\/pages\/254\/revisions\/282"}],"wp:attachment":[{"href":"https:\/\/blog.nibelheim.fr\/index.php?rest_route=%2Fwp%2Fv2%2Fmedia&parent=254"}],"curies":[{"name":"wp","href":"https:\/\/api.w.org\/{rel}","templated":true}]}}